{"id":1631,"date":"2026-01-12T12:42:12","date_gmt":"2026-01-12T15:42:12","guid":{"rendered":"http:\/\/www.buffetchristianformon.com.br\/loja\/?post_type=product&#038;p=1631"},"modified":"2026-01-12T12:42:12","modified_gmt":"2026-01-12T15:42:12","slug":"rataouille-nicoise","status":"publish","type":"product","link":"https:\/\/www.buffetchristianformon.com.br\/loja\/produto\/rataouille-nicoise\/","title":{"rendered":"Ratatouille ni\u00e7oise"},"content":{"rendered":"<p>Cl\u00e1ssica receita francesa proven\u00e7al de legumes refogados (Cebolas, piment\u00f5es, abobrinha, beringela e tomates) (1 Kg atende at\u00e9 6 pessoas)<\/p>\n","protected":false},"excerpt":{"rendered":"<p>Cl\u00e1ssica receita francesa proven\u00e7al de legumes refogados (Cebolas, piment\u00f5es, abobrinha, beringela e tomates) (1 Kg atende at\u00e9 6 pessoas)<\/p>\n","protected":false},"featured_media":1270,"template":"","meta":{"_joinchat":[]},"product_brand":[],"product_cat":[118],"product_tag":[],"class_list":{"0":"post-1631","1":"product","2":"type-product","3":"status-publish","4":"has-post-thumbnail","6":"product_cat-acompanhamentos","8":"first","9":"instock","10":"shipping-taxable","11":"purchasable","12":"product-type-simple"},"yoast_head":"<!-- This site is optimized with the Yoast SEO plugin v26.8 - https:\/\/yoast.com\/product\/yoast-seo-wordpress\/ -->\n<title>Ratatouille ni\u00e7oise - Buffet Christian Formon<\/title>\n<meta name=\"robots\" content=\"noindex, follow, max-snippet:-1, max-image-preview:large, max-video-preview:-1\" \/>\n<meta property=\"og:locale\" content=\"pt_BR\" \/>\n<meta property=\"og:type\" content=\"article\" \/>\n<meta property=\"og:title\" content=\"Ratatouille ni\u00e7oise - Buffet Christian Formon\" \/>\n<meta property=\"og:description\" content=\"Cl\u00e1ssica receita francesa proven\u00e7al de legumes refogados (Cebolas, piment\u00f5es, abobrinha, beringela e tomates) (1 Kg atende at\u00e9 6 pessoas)\" \/>\n<meta property=\"og:url\" content=\"https:\/\/www.buffetchristianformon.com.br\/loja\/produto\/rataouille-nicoise\/\" \/>\n<meta property=\"og:site_name\" content=\"Buffet Christian Formon\" \/>\n<meta property=\"og:image\" content=\"http:\/\/www.buffetchristianformon.com.br\/loja\/wp-content\/uploads\/2016\/01\/receitas.png\" \/>\n\t<meta property=\"og:image:width\" content=\"600\" \/>\n\t<meta property=\"og:image:height\" content=\"450\" \/>\n\t<meta property=\"og:image:type\" content=\"image\/png\" \/>\n<meta name=\"twitter:card\" content=\"summary_large_image\" \/>\n<script type=\"application\/ld+json\" class=\"yoast-schema-graph\">{\"@context\":\"https:\/\/schema.org\",\"@graph\":[{\"@type\":\"WebPage\",\"@id\":\"https:\/\/www.buffetchristianformon.com.br\/loja\/produto\/rataouille-nicoise\/\",\"url\":\"https:\/\/www.buffetchristianformon.com.br\/loja\/produto\/rataouille-nicoise\/\",\"name\":\"Ratatouille ni\u00e7oise - Buffet Christian Formon\",\"isPartOf\":{\"@id\":\"https:\/\/www.buffetchristianformon.com.br\/loja\/#website\"},\"primaryImageOfPage\":{\"@id\":\"https:\/\/www.buffetchristianformon.com.br\/loja\/produto\/rataouille-nicoise\/#primaryimage\"},\"image\":{\"@id\":\"https:\/\/www.buffetchristianformon.com.br\/loja\/produto\/rataouille-nicoise\/#primaryimage\"},\"thumbnailUrl\":\"https:\/\/www.buffetchristianformon.com.br\/loja\/wp-content\/uploads\/2016\/01\/receitas.png\",\"datePublished\":\"2026-01-12T15:42:12+00:00\",\"breadcrumb\":{\"@id\":\"https:\/\/www.buffetchristianformon.com.br\/loja\/produto\/rataouille-nicoise\/#breadcrumb\"},\"inLanguage\":\"pt-BR\",\"potentialAction\":[{\"@type\":\"ReadAction\",\"target\":[\"https:\/\/www.buffetchristianformon.com.br\/loja\/produto\/rataouille-nicoise\/\"]}]},{\"@type\":\"ImageObject\",\"inLanguage\":\"pt-BR\",\"@id\":\"https:\/\/www.buffetchristianformon.com.br\/loja\/produto\/rataouille-nicoise\/#primaryimage\",\"url\":\"https:\/\/www.buffetchristianformon.com.br\/loja\/wp-content\/uploads\/2016\/01\/receitas.png\",\"contentUrl\":\"https:\/\/www.buffetchristianformon.com.br\/loja\/wp-content\/uploads\/2016\/01\/receitas.png\",\"width\":600,\"height\":450},{\"@type\":\"BreadcrumbList\",\"@id\":\"https:\/\/www.buffetchristianformon.com.br\/loja\/produto\/rataouille-nicoise\/#breadcrumb\",\"itemListElement\":[{\"@type\":\"ListItem\",\"position\":1,\"name\":\"In\u00edcio\",\"item\":\"https:\/\/www.buffetchristianformon.com.br\/loja\/\"},{\"@type\":\"ListItem\",\"position\":2,\"name\":\"Todos os pratos\",\"item\":\"https:\/\/www.buffetchristianformon.com.br\/loja\/todos-os-pratos\/\"},{\"@type\":\"ListItem\",\"position\":3,\"name\":\"Ratatouille ni\u00e7oise\"}]},{\"@type\":\"WebSite\",\"@id\":\"https:\/\/www.buffetchristianformon.com.br\/loja\/#website\",\"url\":\"https:\/\/www.buffetchristianformon.com.br\/loja\/\",\"name\":\"Buffet Christian Formon\",\"description\":\"\",\"potentialAction\":[{\"@type\":\"SearchAction\",\"target\":{\"@type\":\"EntryPoint\",\"urlTemplate\":\"https:\/\/www.buffetchristianformon.com.br\/loja\/?s={search_term_string}\"},\"query-input\":{\"@type\":\"PropertyValueSpecification\",\"valueRequired\":true,\"valueName\":\"search_term_string\"}}],\"inLanguage\":\"pt-BR\"}]}<\/script>\n<!-- \/ Yoast SEO plugin. -->","yoast_head_json":{"title":"Ratatouille ni\u00e7oise - Buffet Christian Formon","robots":{"index":"noindex","follow":"follow","max-snippet":"max-snippet:-1","max-image-preview":"max-image-preview:large","max-video-preview":"max-video-preview:-1"},"og_locale":"pt_BR","og_type":"article","og_title":"Ratatouille ni\u00e7oise - Buffet Christian Formon","og_description":"Cl\u00e1ssica receita francesa proven\u00e7al de legumes refogados (Cebolas, piment\u00f5es, abobrinha, beringela e tomates) (1 Kg atende at\u00e9 6 pessoas)","og_url":"https:\/\/www.buffetchristianformon.com.br\/loja\/produto\/rataouille-nicoise\/","og_site_name":"Buffet Christian Formon","og_image":[{"width":600,"height":450,"url":"http:\/\/www.buffetchristianformon.com.br\/loja\/wp-content\/uploads\/2016\/01\/receitas.png","type":"image\/png"}],"twitter_card":"summary_large_image","schema":{"@context":"https:\/\/schema.org","@graph":[{"@type":"WebPage","@id":"https:\/\/www.buffetchristianformon.com.br\/loja\/produto\/rataouille-nicoise\/","url":"https:\/\/www.buffetchristianformon.com.br\/loja\/produto\/rataouille-nicoise\/","name":"Ratatouille ni\u00e7oise - Buffet Christian Formon","isPartOf":{"@id":"https:\/\/www.buffetchristianformon.com.br\/loja\/#website"},"primaryImageOfPage":{"@id":"https:\/\/www.buffetchristianformon.com.br\/loja\/produto\/rataouille-nicoise\/#primaryimage"},"image":{"@id":"https:\/\/www.buffetchristianformon.com.br\/loja\/produto\/rataouille-nicoise\/#primaryimage"},"thumbnailUrl":"https:\/\/www.buffetchristianformon.com.br\/loja\/wp-content\/uploads\/2016\/01\/receitas.png","datePublished":"2026-01-12T15:42:12+00:00","breadcrumb":{"@id":"https:\/\/www.buffetchristianformon.com.br\/loja\/produto\/rataouille-nicoise\/#breadcrumb"},"inLanguage":"pt-BR","potentialAction":[{"@type":"ReadAction","target":["https:\/\/www.buffetchristianformon.com.br\/loja\/produto\/rataouille-nicoise\/"]}]},{"@type":"ImageObject","inLanguage":"pt-BR","@id":"https:\/\/www.buffetchristianformon.com.br\/loja\/produto\/rataouille-nicoise\/#primaryimage","url":"https:\/\/www.buffetchristianformon.com.br\/loja\/wp-content\/uploads\/2016\/01\/receitas.png","contentUrl":"https:\/\/www.buffetchristianformon.com.br\/loja\/wp-content\/uploads\/2016\/01\/receitas.png","width":600,"height":450},{"@type":"BreadcrumbList","@id":"https:\/\/www.buffetchristianformon.com.br\/loja\/produto\/rataouille-nicoise\/#breadcrumb","itemListElement":[{"@type":"ListItem","position":1,"name":"In\u00edcio","item":"https:\/\/www.buffetchristianformon.com.br\/loja\/"},{"@type":"ListItem","position":2,"name":"Todos os pratos","item":"https:\/\/www.buffetchristianformon.com.br\/loja\/todos-os-pratos\/"},{"@type":"ListItem","position":3,"name":"Ratatouille ni\u00e7oise"}]},{"@type":"WebSite","@id":"https:\/\/www.buffetchristianformon.com.br\/loja\/#website","url":"https:\/\/www.buffetchristianformon.com.br\/loja\/","name":"Buffet Christian Formon","description":"","potentialAction":[{"@type":"SearchAction","target":{"@type":"EntryPoint","urlTemplate":"https:\/\/www.buffetchristianformon.com.br\/loja\/?s={search_term_string}"},"query-input":{"@type":"PropertyValueSpecification","valueRequired":true,"valueName":"search_term_string"}}],"inLanguage":"pt-BR"}]}},"_links":{"self":[{"href":"https:\/\/www.buffetchristianformon.com.br\/loja\/wp-json\/wp\/v2\/product\/1631","targetHints":{"allow":["GET"]}}],"collection":[{"href":"https:\/\/www.buffetchristianformon.com.br\/loja\/wp-json\/wp\/v2\/product"}],"about":[{"href":"https:\/\/www.buffetchristianformon.com.br\/loja\/wp-json\/wp\/v2\/types\/product"}],"wp:featuredmedia":[{"embeddable":true,"href":"https:\/\/www.buffetchristianformon.com.br\/loja\/wp-json\/wp\/v2\/media\/1270"}],"wp:attachment":[{"href":"https:\/\/www.buffetchristianformon.com.br\/loja\/wp-json\/wp\/v2\/media?parent=1631"}],"wp:term":[{"taxonomy":"product_brand","embeddable":true,"href":"https:\/\/www.buffetchristianformon.com.br\/loja\/wp-json\/wp\/v2\/product_brand?post=1631"},{"taxonomy":"product_cat","embeddable":true,"href":"https:\/\/www.buffetchristianformon.com.br\/loja\/wp-json\/wp\/v2\/product_cat?post=1631"},{"taxonomy":"product_tag","embeddable":true,"href":"https:\/\/www.buffetchristianformon.com.br\/loja\/wp-json\/wp\/v2\/product_tag?post=1631"}],"curies":[{"name":"wp","href":"https:\/\/api.w.org\/{rel}","templated":true}]}}