{"id":1239,"date":"2026-01-12T12:42:15","date_gmt":"2026-01-12T15:42:15","guid":{"rendered":"http:\/\/www.buffetchristianformon.com.br\/loja\/?post_type=product&#038;p=1239"},"modified":"2026-01-12T12:42:15","modified_gmt":"2026-01-12T15:42:15","slug":"gateau-de-salmao-com-creme-azedo-e-pao-preto","status":"publish","type":"product","link":"https:\/\/www.buffetchristianformon.com.br\/loja\/produto\/gateau-de-salmao-com-creme-azedo-e-pao-preto\/","title":{"rendered":"Gateau de salm\u00e3o com creme azedo e p\u00e3o preto"},"content":{"rendered":"<p>Salm\u00e3o defumado fatiado, acompanha p\u00e3o preto e creme azedo.<\/p>\n","protected":false},"excerpt":{"rendered":"<p>Salm\u00e3o defumado fatiado, acompanha p\u00e3o preto e creme azedo.<\/p>\n","protected":false},"featured_media":1330,"template":"","meta":{"_joinchat":[]},"product_brand":[],"product_cat":[124],"product_tag":[],"class_list":{"0":"post-1239","1":"product","2":"type-product","3":"status-publish","4":"has-post-thumbnail","6":"product_cat-canapes-frios","8":"first","9":"instock","10":"shipping-taxable","11":"purchasable","12":"product-type-simple"},"yoast_head":"<!-- This site is optimized with the Yoast SEO plugin v26.8 - https:\/\/yoast.com\/product\/yoast-seo-wordpress\/ -->\n<title>Gateau de salm\u00e3o com creme azedo e p\u00e3o preto - Buffet Christian Formon<\/title>\n<meta name=\"robots\" content=\"noindex, follow, max-snippet:-1, max-image-preview:large, max-video-preview:-1\" \/>\n<meta property=\"og:locale\" content=\"pt_BR\" \/>\n<meta property=\"og:type\" content=\"article\" \/>\n<meta property=\"og:title\" content=\"Gateau de salm\u00e3o com creme azedo e p\u00e3o preto - Buffet Christian Formon\" \/>\n<meta property=\"og:description\" content=\"Salm\u00e3o defumado fatiado, acompanha p\u00e3o preto e creme azedo.\" \/>\n<meta property=\"og:url\" content=\"https:\/\/www.buffetchristianformon.com.br\/loja\/produto\/gateau-de-salmao-com-creme-azedo-e-pao-preto\/\" \/>\n<meta property=\"og:site_name\" content=\"Buffet Christian Formon\" \/>\n<meta property=\"og:image\" content=\"http:\/\/www.buffetchristianformon.com.br\/loja\/wp-content\/uploads\/2016\/02\/gateau-salmao.jpg\" \/>\n\t<meta property=\"og:image:width\" content=\"1000\" \/>\n\t<meta property=\"og:image:height\" content=\"750\" \/>\n\t<meta property=\"og:image:type\" content=\"image\/jpeg\" \/>\n<meta name=\"twitter:card\" content=\"summary_large_image\" \/>\n<script type=\"application\/ld+json\" class=\"yoast-schema-graph\">{\"@context\":\"https:\/\/schema.org\",\"@graph\":[{\"@type\":\"WebPage\",\"@id\":\"https:\/\/www.buffetchristianformon.com.br\/loja\/produto\/gateau-de-salmao-com-creme-azedo-e-pao-preto\/\",\"url\":\"https:\/\/www.buffetchristianformon.com.br\/loja\/produto\/gateau-de-salmao-com-creme-azedo-e-pao-preto\/\",\"name\":\"Gateau de salm\u00e3o com creme azedo e p\u00e3o preto - Buffet Christian Formon\",\"isPartOf\":{\"@id\":\"https:\/\/www.buffetchristianformon.com.br\/loja\/#website\"},\"primaryImageOfPage\":{\"@id\":\"https:\/\/www.buffetchristianformon.com.br\/loja\/produto\/gateau-de-salmao-com-creme-azedo-e-pao-preto\/#primaryimage\"},\"image\":{\"@id\":\"https:\/\/www.buffetchristianformon.com.br\/loja\/produto\/gateau-de-salmao-com-creme-azedo-e-pao-preto\/#primaryimage\"},\"thumbnailUrl\":\"https:\/\/www.buffetchristianformon.com.br\/loja\/wp-content\/uploads\/2016\/02\/gateau-salmao.jpg\",\"datePublished\":\"2026-01-12T15:42:15+00:00\",\"breadcrumb\":{\"@id\":\"https:\/\/www.buffetchristianformon.com.br\/loja\/produto\/gateau-de-salmao-com-creme-azedo-e-pao-preto\/#breadcrumb\"},\"inLanguage\":\"pt-BR\",\"potentialAction\":[{\"@type\":\"ReadAction\",\"target\":[\"https:\/\/www.buffetchristianformon.com.br\/loja\/produto\/gateau-de-salmao-com-creme-azedo-e-pao-preto\/\"]}]},{\"@type\":\"ImageObject\",\"inLanguage\":\"pt-BR\",\"@id\":\"https:\/\/www.buffetchristianformon.com.br\/loja\/produto\/gateau-de-salmao-com-creme-azedo-e-pao-preto\/#primaryimage\",\"url\":\"https:\/\/www.buffetchristianformon.com.br\/loja\/wp-content\/uploads\/2016\/02\/gateau-salmao.jpg\",\"contentUrl\":\"https:\/\/www.buffetchristianformon.com.br\/loja\/wp-content\/uploads\/2016\/02\/gateau-salmao.jpg\",\"width\":1000,\"height\":750},{\"@type\":\"BreadcrumbList\",\"@id\":\"https:\/\/www.buffetchristianformon.com.br\/loja\/produto\/gateau-de-salmao-com-creme-azedo-e-pao-preto\/#breadcrumb\",\"itemListElement\":[{\"@type\":\"ListItem\",\"position\":1,\"name\":\"In\u00edcio\",\"item\":\"https:\/\/www.buffetchristianformon.com.br\/loja\/\"},{\"@type\":\"ListItem\",\"position\":2,\"name\":\"Todos os pratos\",\"item\":\"https:\/\/www.buffetchristianformon.com.br\/loja\/todos-os-pratos\/\"},{\"@type\":\"ListItem\",\"position\":3,\"name\":\"Gateau de salm\u00e3o com creme azedo e p\u00e3o preto\"}]},{\"@type\":\"WebSite\",\"@id\":\"https:\/\/www.buffetchristianformon.com.br\/loja\/#website\",\"url\":\"https:\/\/www.buffetchristianformon.com.br\/loja\/\",\"name\":\"Buffet Christian Formon\",\"description\":\"\",\"potentialAction\":[{\"@type\":\"SearchAction\",\"target\":{\"@type\":\"EntryPoint\",\"urlTemplate\":\"https:\/\/www.buffetchristianformon.com.br\/loja\/?s={search_term_string}\"},\"query-input\":{\"@type\":\"PropertyValueSpecification\",\"valueRequired\":true,\"valueName\":\"search_term_string\"}}],\"inLanguage\":\"pt-BR\"}]}<\/script>\n<!-- \/ Yoast SEO plugin. -->","yoast_head_json":{"title":"Gateau de salm\u00e3o com creme azedo e p\u00e3o preto - Buffet Christian Formon","robots":{"index":"noindex","follow":"follow","max-snippet":"max-snippet:-1","max-image-preview":"max-image-preview:large","max-video-preview":"max-video-preview:-1"},"og_locale":"pt_BR","og_type":"article","og_title":"Gateau de salm\u00e3o com creme azedo e p\u00e3o preto - Buffet Christian Formon","og_description":"Salm\u00e3o defumado fatiado, acompanha p\u00e3o preto e creme azedo.","og_url":"https:\/\/www.buffetchristianformon.com.br\/loja\/produto\/gateau-de-salmao-com-creme-azedo-e-pao-preto\/","og_site_name":"Buffet Christian Formon","og_image":[{"width":1000,"height":750,"url":"http:\/\/www.buffetchristianformon.com.br\/loja\/wp-content\/uploads\/2016\/02\/gateau-salmao.jpg","type":"image\/jpeg"}],"twitter_card":"summary_large_image","schema":{"@context":"https:\/\/schema.org","@graph":[{"@type":"WebPage","@id":"https:\/\/www.buffetchristianformon.com.br\/loja\/produto\/gateau-de-salmao-com-creme-azedo-e-pao-preto\/","url":"https:\/\/www.buffetchristianformon.com.br\/loja\/produto\/gateau-de-salmao-com-creme-azedo-e-pao-preto\/","name":"Gateau de salm\u00e3o com creme azedo e p\u00e3o preto - Buffet Christian Formon","isPartOf":{"@id":"https:\/\/www.buffetchristianformon.com.br\/loja\/#website"},"primaryImageOfPage":{"@id":"https:\/\/www.buffetchristianformon.com.br\/loja\/produto\/gateau-de-salmao-com-creme-azedo-e-pao-preto\/#primaryimage"},"image":{"@id":"https:\/\/www.buffetchristianformon.com.br\/loja\/produto\/gateau-de-salmao-com-creme-azedo-e-pao-preto\/#primaryimage"},"thumbnailUrl":"https:\/\/www.buffetchristianformon.com.br\/loja\/wp-content\/uploads\/2016\/02\/gateau-salmao.jpg","datePublished":"2026-01-12T15:42:15+00:00","breadcrumb":{"@id":"https:\/\/www.buffetchristianformon.com.br\/loja\/produto\/gateau-de-salmao-com-creme-azedo-e-pao-preto\/#breadcrumb"},"inLanguage":"pt-BR","potentialAction":[{"@type":"ReadAction","target":["https:\/\/www.buffetchristianformon.com.br\/loja\/produto\/gateau-de-salmao-com-creme-azedo-e-pao-preto\/"]}]},{"@type":"ImageObject","inLanguage":"pt-BR","@id":"https:\/\/www.buffetchristianformon.com.br\/loja\/produto\/gateau-de-salmao-com-creme-azedo-e-pao-preto\/#primaryimage","url":"https:\/\/www.buffetchristianformon.com.br\/loja\/wp-content\/uploads\/2016\/02\/gateau-salmao.jpg","contentUrl":"https:\/\/www.buffetchristianformon.com.br\/loja\/wp-content\/uploads\/2016\/02\/gateau-salmao.jpg","width":1000,"height":750},{"@type":"BreadcrumbList","@id":"https:\/\/www.buffetchristianformon.com.br\/loja\/produto\/gateau-de-salmao-com-creme-azedo-e-pao-preto\/#breadcrumb","itemListElement":[{"@type":"ListItem","position":1,"name":"In\u00edcio","item":"https:\/\/www.buffetchristianformon.com.br\/loja\/"},{"@type":"ListItem","position":2,"name":"Todos os pratos","item":"https:\/\/www.buffetchristianformon.com.br\/loja\/todos-os-pratos\/"},{"@type":"ListItem","position":3,"name":"Gateau de salm\u00e3o com creme azedo e p\u00e3o preto"}]},{"@type":"WebSite","@id":"https:\/\/www.buffetchristianformon.com.br\/loja\/#website","url":"https:\/\/www.buffetchristianformon.com.br\/loja\/","name":"Buffet Christian Formon","description":"","potentialAction":[{"@type":"SearchAction","target":{"@type":"EntryPoint","urlTemplate":"https:\/\/www.buffetchristianformon.com.br\/loja\/?s={search_term_string}"},"query-input":{"@type":"PropertyValueSpecification","valueRequired":true,"valueName":"search_term_string"}}],"inLanguage":"pt-BR"}]}},"_links":{"self":[{"href":"https:\/\/www.buffetchristianformon.com.br\/loja\/wp-json\/wp\/v2\/product\/1239","targetHints":{"allow":["GET"]}}],"collection":[{"href":"https:\/\/www.buffetchristianformon.com.br\/loja\/wp-json\/wp\/v2\/product"}],"about":[{"href":"https:\/\/www.buffetchristianformon.com.br\/loja\/wp-json\/wp\/v2\/types\/product"}],"wp:featuredmedia":[{"embeddable":true,"href":"https:\/\/www.buffetchristianformon.com.br\/loja\/wp-json\/wp\/v2\/media\/1330"}],"wp:attachment":[{"href":"https:\/\/www.buffetchristianformon.com.br\/loja\/wp-json\/wp\/v2\/media?parent=1239"}],"wp:term":[{"taxonomy":"product_brand","embeddable":true,"href":"https:\/\/www.buffetchristianformon.com.br\/loja\/wp-json\/wp\/v2\/product_brand?post=1239"},{"taxonomy":"product_cat","embeddable":true,"href":"https:\/\/www.buffetchristianformon.com.br\/loja\/wp-json\/wp\/v2\/product_cat?post=1239"},{"taxonomy":"product_tag","embeddable":true,"href":"https:\/\/www.buffetchristianformon.com.br\/loja\/wp-json\/wp\/v2\/product_tag?post=1239"}],"curies":[{"name":"wp","href":"https:\/\/api.w.org\/{rel}","templated":true}]}}