{"id":1208,"date":"2026-01-12T12:42:13","date_gmt":"2026-01-12T15:42:13","guid":{"rendered":"http:\/\/www.buffetchristianformon.com.br\/loja\/?post_type=product&#038;p=1208"},"modified":"2026-01-12T12:42:13","modified_gmt":"2026-01-12T15:42:13","slug":"pernil-de-cordeiro-com-vinho-branco-hortela-e-cebolinha-caramelizada","status":"publish","type":"product","link":"https:\/\/www.buffetchristianformon.com.br\/loja\/produto\/pernil-de-cordeiro-com-vinho-branco-hortela-e-cebolinha-caramelizada\/","title":{"rendered":"Pernil de cordeiro com Vinho Branco, Hortel\u00e3, e Cebolinha Caramelizada"},"content":{"rendered":"<p>O pernil de cordeiro \u00e9 assado por 7 horas e acompanha molho artesanal de vinho branco, hortel\u00e3, e cebolinha caramelizada. Pe\u00e7as de 1,2 a 1,5 kg. (1 Kg atende at\u00e9 5 pessoas)<\/p>\n","protected":false},"excerpt":{"rendered":"<p>O pernil de cordeiro \u00e9 assado por 7 horas e acompanha molho artesanal de vinho branco, hortel\u00e3, e cebolinha caramelizada. Pe\u00e7as de 1,2 a 1,5 kg. (1 Kg atende at\u00e9 5 pessoas)<\/p>\n","protected":false},"featured_media":1336,"template":"","meta":{"_joinchat":[]},"product_brand":[],"product_cat":[117],"product_tag":[132,133],"class_list":{"0":"post-1208","1":"product","2":"type-product","3":"status-publish","4":"has-post-thumbnail","6":"product_cat-carnes","7":"product_tag-datas-especiais","8":"product_tag-especialidades","10":"first","11":"instock","12":"shipping-taxable","13":"purchasable","14":"product-type-simple"},"yoast_head":"<!-- This site is optimized with the Yoast SEO plugin v26.8 - https:\/\/yoast.com\/product\/yoast-seo-wordpress\/ -->\n<title>Pernil de cordeiro com Vinho Branco, Hortel\u00e3, e Cebolinha Caramelizada - Buffet Christian Formon<\/title>\n<meta name=\"robots\" content=\"noindex, follow, max-snippet:-1, max-image-preview:large, max-video-preview:-1\" \/>\n<meta property=\"og:locale\" content=\"pt_BR\" \/>\n<meta property=\"og:type\" content=\"article\" \/>\n<meta property=\"og:title\" content=\"Pernil de cordeiro com Vinho Branco, Hortel\u00e3, e Cebolinha Caramelizada - Buffet Christian Formon\" \/>\n<meta property=\"og:description\" content=\"O pernil de cordeiro \u00e9 assado por 7 horas e acompanha molho artesanal de vinho branco, hortel\u00e3, e cebolinha caramelizada. Pe\u00e7as de 1,2 a 1,5 kg. (1 Kg atende at\u00e9 5 pessoas)\" \/>\n<meta property=\"og:url\" content=\"https:\/\/www.buffetchristianformon.com.br\/loja\/produto\/pernil-de-cordeiro-com-vinho-branco-hortela-e-cebolinha-caramelizada\/\" \/>\n<meta property=\"og:site_name\" content=\"Buffet Christian Formon\" \/>\n<meta property=\"og:image\" content=\"http:\/\/www.buffetchristianformon.com.br\/loja\/wp-content\/uploads\/2016\/02\/pernil-cordeiro.jpg\" \/>\n\t<meta property=\"og:image:width\" content=\"1000\" \/>\n\t<meta property=\"og:image:height\" content=\"750\" \/>\n\t<meta property=\"og:image:type\" content=\"image\/jpeg\" \/>\n<meta name=\"twitter:card\" content=\"summary_large_image\" \/>\n<script type=\"application\/ld+json\" class=\"yoast-schema-graph\">{\"@context\":\"https:\/\/schema.org\",\"@graph\":[{\"@type\":\"WebPage\",\"@id\":\"https:\/\/www.buffetchristianformon.com.br\/loja\/produto\/pernil-de-cordeiro-com-vinho-branco-hortela-e-cebolinha-caramelizada\/\",\"url\":\"https:\/\/www.buffetchristianformon.com.br\/loja\/produto\/pernil-de-cordeiro-com-vinho-branco-hortela-e-cebolinha-caramelizada\/\",\"name\":\"Pernil de cordeiro com Vinho Branco, Hortel\u00e3, e Cebolinha Caramelizada - Buffet Christian Formon\",\"isPartOf\":{\"@id\":\"https:\/\/www.buffetchristianformon.com.br\/loja\/#website\"},\"primaryImageOfPage\":{\"@id\":\"https:\/\/www.buffetchristianformon.com.br\/loja\/produto\/pernil-de-cordeiro-com-vinho-branco-hortela-e-cebolinha-caramelizada\/#primaryimage\"},\"image\":{\"@id\":\"https:\/\/www.buffetchristianformon.com.br\/loja\/produto\/pernil-de-cordeiro-com-vinho-branco-hortela-e-cebolinha-caramelizada\/#primaryimage\"},\"thumbnailUrl\":\"https:\/\/www.buffetchristianformon.com.br\/loja\/wp-content\/uploads\/2016\/02\/pernil-cordeiro.jpg\",\"datePublished\":\"2026-01-12T15:42:13+00:00\",\"breadcrumb\":{\"@id\":\"https:\/\/www.buffetchristianformon.com.br\/loja\/produto\/pernil-de-cordeiro-com-vinho-branco-hortela-e-cebolinha-caramelizada\/#breadcrumb\"},\"inLanguage\":\"pt-BR\",\"potentialAction\":[{\"@type\":\"ReadAction\",\"target\":[\"https:\/\/www.buffetchristianformon.com.br\/loja\/produto\/pernil-de-cordeiro-com-vinho-branco-hortela-e-cebolinha-caramelizada\/\"]}]},{\"@type\":\"ImageObject\",\"inLanguage\":\"pt-BR\",\"@id\":\"https:\/\/www.buffetchristianformon.com.br\/loja\/produto\/pernil-de-cordeiro-com-vinho-branco-hortela-e-cebolinha-caramelizada\/#primaryimage\",\"url\":\"https:\/\/www.buffetchristianformon.com.br\/loja\/wp-content\/uploads\/2016\/02\/pernil-cordeiro.jpg\",\"contentUrl\":\"https:\/\/www.buffetchristianformon.com.br\/loja\/wp-content\/uploads\/2016\/02\/pernil-cordeiro.jpg\",\"width\":1000,\"height\":750,\"caption\":\"Pernil de cordeiro com Vinho Branco, Hortel\u00e3, e Cebolinha Caramelizada\"},{\"@type\":\"BreadcrumbList\",\"@id\":\"https:\/\/www.buffetchristianformon.com.br\/loja\/produto\/pernil-de-cordeiro-com-vinho-branco-hortela-e-cebolinha-caramelizada\/#breadcrumb\",\"itemListElement\":[{\"@type\":\"ListItem\",\"position\":1,\"name\":\"In\u00edcio\",\"item\":\"https:\/\/www.buffetchristianformon.com.br\/loja\/\"},{\"@type\":\"ListItem\",\"position\":2,\"name\":\"Todos os pratos\",\"item\":\"https:\/\/www.buffetchristianformon.com.br\/loja\/todos-os-pratos\/\"},{\"@type\":\"ListItem\",\"position\":3,\"name\":\"Pernil de cordeiro com Vinho Branco, Hortel\u00e3, e Cebolinha Caramelizada\"}]},{\"@type\":\"WebSite\",\"@id\":\"https:\/\/www.buffetchristianformon.com.br\/loja\/#website\",\"url\":\"https:\/\/www.buffetchristianformon.com.br\/loja\/\",\"name\":\"Buffet Christian Formon\",\"description\":\"\",\"potentialAction\":[{\"@type\":\"SearchAction\",\"target\":{\"@type\":\"EntryPoint\",\"urlTemplate\":\"https:\/\/www.buffetchristianformon.com.br\/loja\/?s={search_term_string}\"},\"query-input\":{\"@type\":\"PropertyValueSpecification\",\"valueRequired\":true,\"valueName\":\"search_term_string\"}}],\"inLanguage\":\"pt-BR\"}]}<\/script>\n<!-- \/ Yoast SEO plugin. -->","yoast_head_json":{"title":"Pernil de cordeiro com Vinho Branco, Hortel\u00e3, e Cebolinha Caramelizada - Buffet Christian Formon","robots":{"index":"noindex","follow":"follow","max-snippet":"max-snippet:-1","max-image-preview":"max-image-preview:large","max-video-preview":"max-video-preview:-1"},"og_locale":"pt_BR","og_type":"article","og_title":"Pernil de cordeiro com Vinho Branco, Hortel\u00e3, e Cebolinha Caramelizada - Buffet Christian Formon","og_description":"O pernil de cordeiro \u00e9 assado por 7 horas e acompanha molho artesanal de vinho branco, hortel\u00e3, e cebolinha caramelizada. Pe\u00e7as de 1,2 a 1,5 kg. (1 Kg atende at\u00e9 5 pessoas)","og_url":"https:\/\/www.buffetchristianformon.com.br\/loja\/produto\/pernil-de-cordeiro-com-vinho-branco-hortela-e-cebolinha-caramelizada\/","og_site_name":"Buffet Christian Formon","og_image":[{"width":1000,"height":750,"url":"http:\/\/www.buffetchristianformon.com.br\/loja\/wp-content\/uploads\/2016\/02\/pernil-cordeiro.jpg","type":"image\/jpeg"}],"twitter_card":"summary_large_image","schema":{"@context":"https:\/\/schema.org","@graph":[{"@type":"WebPage","@id":"https:\/\/www.buffetchristianformon.com.br\/loja\/produto\/pernil-de-cordeiro-com-vinho-branco-hortela-e-cebolinha-caramelizada\/","url":"https:\/\/www.buffetchristianformon.com.br\/loja\/produto\/pernil-de-cordeiro-com-vinho-branco-hortela-e-cebolinha-caramelizada\/","name":"Pernil de cordeiro com Vinho Branco, Hortel\u00e3, e Cebolinha Caramelizada - Buffet Christian Formon","isPartOf":{"@id":"https:\/\/www.buffetchristianformon.com.br\/loja\/#website"},"primaryImageOfPage":{"@id":"https:\/\/www.buffetchristianformon.com.br\/loja\/produto\/pernil-de-cordeiro-com-vinho-branco-hortela-e-cebolinha-caramelizada\/#primaryimage"},"image":{"@id":"https:\/\/www.buffetchristianformon.com.br\/loja\/produto\/pernil-de-cordeiro-com-vinho-branco-hortela-e-cebolinha-caramelizada\/#primaryimage"},"thumbnailUrl":"https:\/\/www.buffetchristianformon.com.br\/loja\/wp-content\/uploads\/2016\/02\/pernil-cordeiro.jpg","datePublished":"2026-01-12T15:42:13+00:00","breadcrumb":{"@id":"https:\/\/www.buffetchristianformon.com.br\/loja\/produto\/pernil-de-cordeiro-com-vinho-branco-hortela-e-cebolinha-caramelizada\/#breadcrumb"},"inLanguage":"pt-BR","potentialAction":[{"@type":"ReadAction","target":["https:\/\/www.buffetchristianformon.com.br\/loja\/produto\/pernil-de-cordeiro-com-vinho-branco-hortela-e-cebolinha-caramelizada\/"]}]},{"@type":"ImageObject","inLanguage":"pt-BR","@id":"https:\/\/www.buffetchristianformon.com.br\/loja\/produto\/pernil-de-cordeiro-com-vinho-branco-hortela-e-cebolinha-caramelizada\/#primaryimage","url":"https:\/\/www.buffetchristianformon.com.br\/loja\/wp-content\/uploads\/2016\/02\/pernil-cordeiro.jpg","contentUrl":"https:\/\/www.buffetchristianformon.com.br\/loja\/wp-content\/uploads\/2016\/02\/pernil-cordeiro.jpg","width":1000,"height":750,"caption":"Pernil de cordeiro com Vinho Branco, Hortel\u00e3, e Cebolinha Caramelizada"},{"@type":"BreadcrumbList","@id":"https:\/\/www.buffetchristianformon.com.br\/loja\/produto\/pernil-de-cordeiro-com-vinho-branco-hortela-e-cebolinha-caramelizada\/#breadcrumb","itemListElement":[{"@type":"ListItem","position":1,"name":"In\u00edcio","item":"https:\/\/www.buffetchristianformon.com.br\/loja\/"},{"@type":"ListItem","position":2,"name":"Todos os pratos","item":"https:\/\/www.buffetchristianformon.com.br\/loja\/todos-os-pratos\/"},{"@type":"ListItem","position":3,"name":"Pernil de cordeiro com Vinho Branco, Hortel\u00e3, e Cebolinha Caramelizada"}]},{"@type":"WebSite","@id":"https:\/\/www.buffetchristianformon.com.br\/loja\/#website","url":"https:\/\/www.buffetchristianformon.com.br\/loja\/","name":"Buffet Christian Formon","description":"","potentialAction":[{"@type":"SearchAction","target":{"@type":"EntryPoint","urlTemplate":"https:\/\/www.buffetchristianformon.com.br\/loja\/?s={search_term_string}"},"query-input":{"@type":"PropertyValueSpecification","valueRequired":true,"valueName":"search_term_string"}}],"inLanguage":"pt-BR"}]}},"_links":{"self":[{"href":"https:\/\/www.buffetchristianformon.com.br\/loja\/wp-json\/wp\/v2\/product\/1208","targetHints":{"allow":["GET"]}}],"collection":[{"href":"https:\/\/www.buffetchristianformon.com.br\/loja\/wp-json\/wp\/v2\/product"}],"about":[{"href":"https:\/\/www.buffetchristianformon.com.br\/loja\/wp-json\/wp\/v2\/types\/product"}],"wp:featuredmedia":[{"embeddable":true,"href":"https:\/\/www.buffetchristianformon.com.br\/loja\/wp-json\/wp\/v2\/media\/1336"}],"wp:attachment":[{"href":"https:\/\/www.buffetchristianformon.com.br\/loja\/wp-json\/wp\/v2\/media?parent=1208"}],"wp:term":[{"taxonomy":"product_brand","embeddable":true,"href":"https:\/\/www.buffetchristianformon.com.br\/loja\/wp-json\/wp\/v2\/product_brand?post=1208"},{"taxonomy":"product_cat","embeddable":true,"href":"https:\/\/www.buffetchristianformon.com.br\/loja\/wp-json\/wp\/v2\/product_cat?post=1208"},{"taxonomy":"product_tag","embeddable":true,"href":"https:\/\/www.buffetchristianformon.com.br\/loja\/wp-json\/wp\/v2\/product_tag?post=1208"}],"curies":[{"name":"wp","href":"https:\/\/api.w.org\/{rel}","templated":true}]}}