{"id":1201,"date":"2026-01-12T12:42:14","date_gmt":"2026-01-12T15:42:14","guid":{"rendered":"http:\/\/www.buffetchristianformon.com.br\/loja\/?post_type=product&#038;p=1201"},"modified":"2026-01-12T12:42:14","modified_gmt":"2026-01-12T15:42:14","slug":"confit-de-canard","status":"publish","type":"product","link":"https:\/\/www.buffetchristianformon.com.br\/loja\/produto\/confit-de-canard\/","title":{"rendered":"Confit de canard"},"content":{"rendered":"<p>Cl\u00e1ssico da cozinha francesa feito com pato (coxas e sobre coxas) cozido lentamente na sua pr\u00f3pria gordura. (1 Kg atende at\u00e9 4 pessoas)<\/p>\n","protected":false},"excerpt":{"rendered":"<p>Cl\u00e1ssico da cozinha francesa feito com pato (coxas e sobre coxas) cozido lentamente na sua pr\u00f3pria gordura. (1 Kg atende at\u00e9 4 pessoas)<\/p>\n","protected":false},"featured_media":1429,"template":"","meta":{"_joinchat":[]},"product_brand":[],"product_cat":[130],"product_tag":[131],"class_list":{"0":"post-1201","1":"product","2":"type-product","3":"status-publish","4":"has-post-thumbnail","6":"product_cat-aves","7":"product_tag-pratos-franceses","9":"first","10":"instock","11":"shipping-taxable","12":"purchasable","13":"product-type-simple"},"yoast_head":"<!-- This site is optimized with the Yoast SEO plugin v26.8 - https:\/\/yoast.com\/product\/yoast-seo-wordpress\/ -->\n<title>Confit de canard - Buffet Christian Formon<\/title>\n<meta name=\"robots\" content=\"noindex, follow, max-snippet:-1, max-image-preview:large, max-video-preview:-1\" \/>\n<meta property=\"og:locale\" content=\"pt_BR\" \/>\n<meta property=\"og:type\" content=\"article\" \/>\n<meta property=\"og:title\" content=\"Confit de canard - Buffet Christian Formon\" \/>\n<meta property=\"og:description\" content=\"Cl\u00e1ssico da cozinha francesa feito com pato (coxas e sobre coxas) cozido lentamente na sua pr\u00f3pria gordura. (1 Kg atende at\u00e9 4 pessoas)\" \/>\n<meta property=\"og:url\" content=\"https:\/\/www.buffetchristianformon.com.br\/loja\/produto\/confit-de-canard\/\" \/>\n<meta property=\"og:site_name\" content=\"Buffet Christian Formon\" \/>\n<meta property=\"og:image\" content=\"http:\/\/www.buffetchristianformon.com.br\/loja\/wp-content\/uploads\/2016\/02\/confit-de-canard.jpg\" \/>\n\t<meta property=\"og:image:width\" content=\"750\" \/>\n\t<meta property=\"og:image:height\" content=\"1000\" \/>\n\t<meta property=\"og:image:type\" content=\"image\/jpeg\" \/>\n<meta name=\"twitter:card\" content=\"summary_large_image\" \/>\n<script type=\"application\/ld+json\" class=\"yoast-schema-graph\">{\"@context\":\"https:\/\/schema.org\",\"@graph\":[{\"@type\":\"WebPage\",\"@id\":\"https:\/\/www.buffetchristianformon.com.br\/loja\/produto\/confit-de-canard\/\",\"url\":\"https:\/\/www.buffetchristianformon.com.br\/loja\/produto\/confit-de-canard\/\",\"name\":\"Confit de canard - Buffet Christian Formon\",\"isPartOf\":{\"@id\":\"https:\/\/www.buffetchristianformon.com.br\/loja\/#website\"},\"primaryImageOfPage\":{\"@id\":\"https:\/\/www.buffetchristianformon.com.br\/loja\/produto\/confit-de-canard\/#primaryimage\"},\"image\":{\"@id\":\"https:\/\/www.buffetchristianformon.com.br\/loja\/produto\/confit-de-canard\/#primaryimage\"},\"thumbnailUrl\":\"https:\/\/www.buffetchristianformon.com.br\/loja\/wp-content\/uploads\/2016\/02\/confit-de-canard.jpg\",\"datePublished\":\"2026-01-12T15:42:14+00:00\",\"breadcrumb\":{\"@id\":\"https:\/\/www.buffetchristianformon.com.br\/loja\/produto\/confit-de-canard\/#breadcrumb\"},\"inLanguage\":\"pt-BR\",\"potentialAction\":[{\"@type\":\"ReadAction\",\"target\":[\"https:\/\/www.buffetchristianformon.com.br\/loja\/produto\/confit-de-canard\/\"]}]},{\"@type\":\"ImageObject\",\"inLanguage\":\"pt-BR\",\"@id\":\"https:\/\/www.buffetchristianformon.com.br\/loja\/produto\/confit-de-canard\/#primaryimage\",\"url\":\"https:\/\/www.buffetchristianformon.com.br\/loja\/wp-content\/uploads\/2016\/02\/confit-de-canard.jpg\",\"contentUrl\":\"https:\/\/www.buffetchristianformon.com.br\/loja\/wp-content\/uploads\/2016\/02\/confit-de-canard.jpg\",\"width\":750,\"height\":1000,\"caption\":\"Confit de canard\"},{\"@type\":\"BreadcrumbList\",\"@id\":\"https:\/\/www.buffetchristianformon.com.br\/loja\/produto\/confit-de-canard\/#breadcrumb\",\"itemListElement\":[{\"@type\":\"ListItem\",\"position\":1,\"name\":\"In\u00edcio\",\"item\":\"https:\/\/www.buffetchristianformon.com.br\/loja\/\"},{\"@type\":\"ListItem\",\"position\":2,\"name\":\"Todos os pratos\",\"item\":\"https:\/\/www.buffetchristianformon.com.br\/loja\/todos-os-pratos\/\"},{\"@type\":\"ListItem\",\"position\":3,\"name\":\"Confit de canard\"}]},{\"@type\":\"WebSite\",\"@id\":\"https:\/\/www.buffetchristianformon.com.br\/loja\/#website\",\"url\":\"https:\/\/www.buffetchristianformon.com.br\/loja\/\",\"name\":\"Buffet Christian Formon\",\"description\":\"\",\"potentialAction\":[{\"@type\":\"SearchAction\",\"target\":{\"@type\":\"EntryPoint\",\"urlTemplate\":\"https:\/\/www.buffetchristianformon.com.br\/loja\/?s={search_term_string}\"},\"query-input\":{\"@type\":\"PropertyValueSpecification\",\"valueRequired\":true,\"valueName\":\"search_term_string\"}}],\"inLanguage\":\"pt-BR\"}]}<\/script>\n<!-- \/ Yoast SEO plugin. -->","yoast_head_json":{"title":"Confit de canard - Buffet Christian Formon","robots":{"index":"noindex","follow":"follow","max-snippet":"max-snippet:-1","max-image-preview":"max-image-preview:large","max-video-preview":"max-video-preview:-1"},"og_locale":"pt_BR","og_type":"article","og_title":"Confit de canard - Buffet Christian Formon","og_description":"Cl\u00e1ssico da cozinha francesa feito com pato (coxas e sobre coxas) cozido lentamente na sua pr\u00f3pria gordura. (1 Kg atende at\u00e9 4 pessoas)","og_url":"https:\/\/www.buffetchristianformon.com.br\/loja\/produto\/confit-de-canard\/","og_site_name":"Buffet Christian Formon","og_image":[{"width":750,"height":1000,"url":"http:\/\/www.buffetchristianformon.com.br\/loja\/wp-content\/uploads\/2016\/02\/confit-de-canard.jpg","type":"image\/jpeg"}],"twitter_card":"summary_large_image","schema":{"@context":"https:\/\/schema.org","@graph":[{"@type":"WebPage","@id":"https:\/\/www.buffetchristianformon.com.br\/loja\/produto\/confit-de-canard\/","url":"https:\/\/www.buffetchristianformon.com.br\/loja\/produto\/confit-de-canard\/","name":"Confit de canard - Buffet Christian Formon","isPartOf":{"@id":"https:\/\/www.buffetchristianformon.com.br\/loja\/#website"},"primaryImageOfPage":{"@id":"https:\/\/www.buffetchristianformon.com.br\/loja\/produto\/confit-de-canard\/#primaryimage"},"image":{"@id":"https:\/\/www.buffetchristianformon.com.br\/loja\/produto\/confit-de-canard\/#primaryimage"},"thumbnailUrl":"https:\/\/www.buffetchristianformon.com.br\/loja\/wp-content\/uploads\/2016\/02\/confit-de-canard.jpg","datePublished":"2026-01-12T15:42:14+00:00","breadcrumb":{"@id":"https:\/\/www.buffetchristianformon.com.br\/loja\/produto\/confit-de-canard\/#breadcrumb"},"inLanguage":"pt-BR","potentialAction":[{"@type":"ReadAction","target":["https:\/\/www.buffetchristianformon.com.br\/loja\/produto\/confit-de-canard\/"]}]},{"@type":"ImageObject","inLanguage":"pt-BR","@id":"https:\/\/www.buffetchristianformon.com.br\/loja\/produto\/confit-de-canard\/#primaryimage","url":"https:\/\/www.buffetchristianformon.com.br\/loja\/wp-content\/uploads\/2016\/02\/confit-de-canard.jpg","contentUrl":"https:\/\/www.buffetchristianformon.com.br\/loja\/wp-content\/uploads\/2016\/02\/confit-de-canard.jpg","width":750,"height":1000,"caption":"Confit de canard"},{"@type":"BreadcrumbList","@id":"https:\/\/www.buffetchristianformon.com.br\/loja\/produto\/confit-de-canard\/#breadcrumb","itemListElement":[{"@type":"ListItem","position":1,"name":"In\u00edcio","item":"https:\/\/www.buffetchristianformon.com.br\/loja\/"},{"@type":"ListItem","position":2,"name":"Todos os pratos","item":"https:\/\/www.buffetchristianformon.com.br\/loja\/todos-os-pratos\/"},{"@type":"ListItem","position":3,"name":"Confit de canard"}]},{"@type":"WebSite","@id":"https:\/\/www.buffetchristianformon.com.br\/loja\/#website","url":"https:\/\/www.buffetchristianformon.com.br\/loja\/","name":"Buffet Christian Formon","description":"","potentialAction":[{"@type":"SearchAction","target":{"@type":"EntryPoint","urlTemplate":"https:\/\/www.buffetchristianformon.com.br\/loja\/?s={search_term_string}"},"query-input":{"@type":"PropertyValueSpecification","valueRequired":true,"valueName":"search_term_string"}}],"inLanguage":"pt-BR"}]}},"_links":{"self":[{"href":"https:\/\/www.buffetchristianformon.com.br\/loja\/wp-json\/wp\/v2\/product\/1201","targetHints":{"allow":["GET"]}}],"collection":[{"href":"https:\/\/www.buffetchristianformon.com.br\/loja\/wp-json\/wp\/v2\/product"}],"about":[{"href":"https:\/\/www.buffetchristianformon.com.br\/loja\/wp-json\/wp\/v2\/types\/product"}],"wp:featuredmedia":[{"embeddable":true,"href":"https:\/\/www.buffetchristianformon.com.br\/loja\/wp-json\/wp\/v2\/media\/1429"}],"wp:attachment":[{"href":"https:\/\/www.buffetchristianformon.com.br\/loja\/wp-json\/wp\/v2\/media?parent=1201"}],"wp:term":[{"taxonomy":"product_brand","embeddable":true,"href":"https:\/\/www.buffetchristianformon.com.br\/loja\/wp-json\/wp\/v2\/product_brand?post=1201"},{"taxonomy":"product_cat","embeddable":true,"href":"https:\/\/www.buffetchristianformon.com.br\/loja\/wp-json\/wp\/v2\/product_cat?post=1201"},{"taxonomy":"product_tag","embeddable":true,"href":"https:\/\/www.buffetchristianformon.com.br\/loja\/wp-json\/wp\/v2\/product_tag?post=1201"}],"curies":[{"name":"wp","href":"https:\/\/api.w.org\/{rel}","templated":true}]}}