{"id":1565,"date":"2020-01-02T09:55:49","date_gmt":"2020-01-02T12:55:49","guid":{"rendered":"http:\/\/www.buffetchristianformon.com.br\/loja\/?page_id=1565"},"modified":"2026-01-12T12:44:38","modified_gmt":"2026-01-12T15:44:38","slug":"home","status":"publish","type":"page","link":"https:\/\/www.buffetchristianformon.com.br\/loja\/","title":{"rendered":"Home"},"content":{"rendered":"<p>&nbsp;<\/p>\n<table style=\"border-collapse: collapse; width: 100%; border: 2px solid transparent;\">\n<tbody>\n<tr>\n<td style=\"width: 33.3333%; text-align: center;  border: 2px solid transparent;\"><a href=\"http:\/\/www.buffetchristianformon.com.br\/loja\/produto-tag\/especialidades\/\"><img loading=\"lazy\" decoding=\"async\" class=\"alignnone size-full wp-image-1483\" src=\"http:\/\/www.buffetchristianformon.com.br\/loja\/wp-content\/uploads\/2015\/10\/especialidades.png\" alt=\"\" width=\"296\" height=\"295\" srcset=\"https:\/\/www.buffetchristianformon.com.br\/loja\/wp-content\/uploads\/2015\/10\/especialidades.png 296w, https:\/\/www.buffetchristianformon.com.br\/loja\/wp-content\/uploads\/2015\/10\/especialidades-150x150.png 150w, https:\/\/www.buffetchristianformon.com.br\/loja\/wp-content\/uploads\/2015\/10\/especialidades-180x180.png 180w, https:\/\/www.buffetchristianformon.com.br\/loja\/wp-content\/uploads\/2015\/10\/especialidades-75x75.png 75w\" sizes=\"auto, (max-width: 296px) 100vw, 296px\" \/><\/a><\/td>\n<td style=\"width: 33.3333%; text-align: center;  border: 2px solid transparent;\"><a href=\"http:\/\/www.buffetchristianformon.com.br\/loja\/todos-os-pratos\/\"><img loading=\"lazy\" decoding=\"async\" class=\"alignnone size-full wp-image-1455\" src=\"http:\/\/www.buffetchristianformon.com.br\/loja\/wp-content\/uploads\/2015\/10\/menu-completo.png\" alt=\"\" width=\"296\" height=\"295\" srcset=\"https:\/\/www.buffetchristianformon.com.br\/loja\/wp-content\/uploads\/2015\/10\/menu-completo.png 239w, https:\/\/www.buffetchristianformon.com.br\/loja\/wp-content\/uploads\/2015\/10\/menu-completo-150x150.png 150w, https:\/\/www.buffetchristianformon.com.br\/loja\/wp-content\/uploads\/2015\/10\/menu-completo-180x180.png 180w, https:\/\/www.buffetchristianformon.com.br\/loja\/wp-content\/uploads\/2015\/10\/menu-completo-75x75.png 75w\" sizes=\"auto, (max-width: 296px) 100vw, 296px\" \/><\/a><\/td>\n<td style=\"width: 33.3333%; text-align: center;  border: 2px solid transparent;\"><a href=\"http:\/\/www.buffetchristianformon.com.br\/loja\/produto-tag\/pratos-franceses\/\"><img loading=\"lazy\" decoding=\"async\" class=\"alignnone size-full wp-image-1343\" src=\"http:\/\/www.buffetchristianformon.com.br\/loja\/wp-content\/uploads\/2015\/10\/pratos-franceses.png\" alt=\"\" width=\"296\" height=\"295\" srcset=\"https:\/\/www.buffetchristianformon.com.br\/loja\/wp-content\/uploads\/2015\/10\/pratos-franceses.png 239w, https:\/\/www.buffetchristianformon.com.br\/loja\/wp-content\/uploads\/2015\/10\/pratos-franceses-150x150.png 150w, https:\/\/www.buffetchristianformon.com.br\/loja\/wp-content\/uploads\/2015\/10\/pratos-franceses-180x180.png 180w, https:\/\/www.buffetchristianformon.com.br\/loja\/wp-content\/uploads\/2015\/10\/pratos-franceses-75x75.png 75w\" sizes=\"auto, (max-width: 296px) 100vw, 296px\" \/><\/a><\/td>\n<\/tr>\n<\/tbody>\n<\/table>\n","protected":false},"excerpt":{"rendered":"<p>&nbsp;<\/p>\n","protected":false},"author":1,"featured_media":0,"parent":0,"menu_order":0,"comment_status":"closed","ping_status":"closed","template":"","meta":{"_joinchat":[],"footnotes":""},"class_list":["post-1565","page","type-page","status-publish","hentry"],"yoast_head":"<!-- This site is optimized with the Yoast SEO plugin v26.8 - https:\/\/yoast.com\/product\/yoast-seo-wordpress\/ -->\n<title>Buffet Christian Formon \u00c0 Domicile<\/title>\n<meta name=\"description\" content=\"Sucesso \u00e9 a palavra que melhor define o Buffet Christian Formon. Em seus mais de 15 anos atuando em S\u00e3o Paulo, conquistou um seleto grupo de clientes fi\u00e9is a sua cozinha cl\u00e1ssica de paladar refinado. Foi eleito o melhor chefe banqueteiro do Brasil pela Revista Prazeres da Mesa.\" \/>\n<meta name=\"robots\" content=\"noindex, follow, max-snippet:-1, max-image-preview:large, max-video-preview:-1\" \/>\n<meta property=\"og:locale\" content=\"pt_BR\" \/>\n<meta property=\"og:type\" content=\"article\" \/>\n<meta property=\"og:title\" content=\"Buffet Christian Formon \u00c0 Domicile\" \/>\n<meta property=\"og:description\" content=\"Sucesso \u00e9 a palavra que melhor define o Buffet Christian Formon. Em seus mais de 15 anos atuando em S\u00e3o Paulo, conquistou um seleto grupo de clientes fi\u00e9is a sua cozinha cl\u00e1ssica de paladar refinado. Foi eleito o melhor chefe banqueteiro do Brasil pela Revista Prazeres da Mesa.\" \/>\n<meta property=\"og:url\" content=\"https:\/\/www.buffetchristianformon.com.br\/loja\/\" \/>\n<meta property=\"og:site_name\" content=\"Buffet Christian Formon\" \/>\n<meta property=\"article:modified_time\" content=\"2026-01-12T15:44:38+00:00\" \/>\n<meta property=\"og:image\" content=\"https:\/\/www.buffetchristianformon.com.br\/loja\/wp-content\/uploads\/2015\/10\/especialidades.png\" \/>\n\t<meta property=\"og:image:width\" content=\"296\" \/>\n\t<meta property=\"og:image:height\" content=\"295\" \/>\n\t<meta property=\"og:image:type\" content=\"image\/png\" \/>\n<meta name=\"twitter:card\" content=\"summary_large_image\" \/>\n<meta name=\"twitter:label1\" content=\"Est. tempo de leitura\" \/>\n\t<meta name=\"twitter:data1\" content=\"1 minuto\" \/>\n<script type=\"application\/ld+json\" class=\"yoast-schema-graph\">{\"@context\":\"https:\/\/schema.org\",\"@graph\":[{\"@type\":\"WebPage\",\"@id\":\"https:\/\/www.buffetchristianformon.com.br\/loja\/\",\"url\":\"https:\/\/www.buffetchristianformon.com.br\/loja\/\",\"name\":\"Buffet Christian Formon \u00c0 Domicile\",\"isPartOf\":{\"@id\":\"https:\/\/www.buffetchristianformon.com.br\/loja\/#website\"},\"primaryImageOfPage\":{\"@id\":\"https:\/\/www.buffetchristianformon.com.br\/loja\/#primaryimage\"},\"image\":{\"@id\":\"https:\/\/www.buffetchristianformon.com.br\/loja\/#primaryimage\"},\"thumbnailUrl\":\"http:\/\/www.buffetchristianformon.com.br\/loja\/wp-content\/uploads\/2015\/10\/especialidades.png\",\"datePublished\":\"2020-01-02T12:55:49+00:00\",\"dateModified\":\"2026-01-12T15:44:38+00:00\",\"description\":\"Sucesso \u00e9 a palavra que melhor define o Buffet Christian Formon. Em seus mais de 15 anos atuando em S\u00e3o Paulo, conquistou um seleto grupo de clientes fi\u00e9is a sua cozinha cl\u00e1ssica de paladar refinado. Foi eleito o melhor chefe banqueteiro do Brasil pela Revista Prazeres da Mesa.\",\"breadcrumb\":{\"@id\":\"https:\/\/www.buffetchristianformon.com.br\/loja\/#breadcrumb\"},\"inLanguage\":\"pt-BR\",\"potentialAction\":[{\"@type\":\"ReadAction\",\"target\":[\"https:\/\/www.buffetchristianformon.com.br\/loja\/\"]}]},{\"@type\":\"ImageObject\",\"inLanguage\":\"pt-BR\",\"@id\":\"https:\/\/www.buffetchristianformon.com.br\/loja\/#primaryimage\",\"url\":\"https:\/\/www.buffetchristianformon.com.br\/loja\/wp-content\/uploads\/2015\/10\/especialidades.png\",\"contentUrl\":\"https:\/\/www.buffetchristianformon.com.br\/loja\/wp-content\/uploads\/2015\/10\/especialidades.png\",\"width\":296,\"height\":295},{\"@type\":\"BreadcrumbList\",\"@id\":\"https:\/\/www.buffetchristianformon.com.br\/loja\/#breadcrumb\",\"itemListElement\":[{\"@type\":\"ListItem\",\"position\":1,\"name\":\"In\u00edcio\",\"item\":\"https:\/\/www.buffetchristianformon.com.br\/loja\/\"},{\"@type\":\"ListItem\",\"position\":2,\"name\":\"Home\"}]},{\"@type\":\"WebSite\",\"@id\":\"https:\/\/www.buffetchristianformon.com.br\/loja\/#website\",\"url\":\"https:\/\/www.buffetchristianformon.com.br\/loja\/\",\"name\":\"Buffet Christian Formon\",\"description\":\"\",\"potentialAction\":[{\"@type\":\"SearchAction\",\"target\":{\"@type\":\"EntryPoint\",\"urlTemplate\":\"https:\/\/www.buffetchristianformon.com.br\/loja\/?s={search_term_string}\"},\"query-input\":{\"@type\":\"PropertyValueSpecification\",\"valueRequired\":true,\"valueName\":\"search_term_string\"}}],\"inLanguage\":\"pt-BR\"}]}<\/script>\n<!-- \/ Yoast SEO plugin. -->","yoast_head_json":{"title":"Buffet Christian Formon \u00c0 Domicile","description":"Sucesso \u00e9 a palavra que melhor define o Buffet Christian Formon. Em seus mais de 15 anos atuando em S\u00e3o Paulo, conquistou um seleto grupo de clientes fi\u00e9is a sua cozinha cl\u00e1ssica de paladar refinado. Foi eleito o melhor chefe banqueteiro do Brasil pela Revista Prazeres da Mesa.","robots":{"index":"noindex","follow":"follow","max-snippet":"max-snippet:-1","max-image-preview":"max-image-preview:large","max-video-preview":"max-video-preview:-1"},"og_locale":"pt_BR","og_type":"article","og_title":"Buffet Christian Formon \u00c0 Domicile","og_description":"Sucesso \u00e9 a palavra que melhor define o Buffet Christian Formon. Em seus mais de 15 anos atuando em S\u00e3o Paulo, conquistou um seleto grupo de clientes fi\u00e9is a sua cozinha cl\u00e1ssica de paladar refinado. Foi eleito o melhor chefe banqueteiro do Brasil pela Revista Prazeres da Mesa.","og_url":"https:\/\/www.buffetchristianformon.com.br\/loja\/","og_site_name":"Buffet Christian Formon","article_modified_time":"2026-01-12T15:44:38+00:00","og_image":[{"width":296,"height":295,"url":"https:\/\/www.buffetchristianformon.com.br\/loja\/wp-content\/uploads\/2015\/10\/especialidades.png","type":"image\/png"}],"twitter_card":"summary_large_image","twitter_misc":{"Est. tempo de leitura":"1 minuto"},"schema":{"@context":"https:\/\/schema.org","@graph":[{"@type":"WebPage","@id":"https:\/\/www.buffetchristianformon.com.br\/loja\/","url":"https:\/\/www.buffetchristianformon.com.br\/loja\/","name":"Buffet Christian Formon \u00c0 Domicile","isPartOf":{"@id":"https:\/\/www.buffetchristianformon.com.br\/loja\/#website"},"primaryImageOfPage":{"@id":"https:\/\/www.buffetchristianformon.com.br\/loja\/#primaryimage"},"image":{"@id":"https:\/\/www.buffetchristianformon.com.br\/loja\/#primaryimage"},"thumbnailUrl":"http:\/\/www.buffetchristianformon.com.br\/loja\/wp-content\/uploads\/2015\/10\/especialidades.png","datePublished":"2020-01-02T12:55:49+00:00","dateModified":"2026-01-12T15:44:38+00:00","description":"Sucesso \u00e9 a palavra que melhor define o Buffet Christian Formon. Em seus mais de 15 anos atuando em S\u00e3o Paulo, conquistou um seleto grupo de clientes fi\u00e9is a sua cozinha cl\u00e1ssica de paladar refinado. Foi eleito o melhor chefe banqueteiro do Brasil pela Revista Prazeres da Mesa.","breadcrumb":{"@id":"https:\/\/www.buffetchristianformon.com.br\/loja\/#breadcrumb"},"inLanguage":"pt-BR","potentialAction":[{"@type":"ReadAction","target":["https:\/\/www.buffetchristianformon.com.br\/loja\/"]}]},{"@type":"ImageObject","inLanguage":"pt-BR","@id":"https:\/\/www.buffetchristianformon.com.br\/loja\/#primaryimage","url":"https:\/\/www.buffetchristianformon.com.br\/loja\/wp-content\/uploads\/2015\/10\/especialidades.png","contentUrl":"https:\/\/www.buffetchristianformon.com.br\/loja\/wp-content\/uploads\/2015\/10\/especialidades.png","width":296,"height":295},{"@type":"BreadcrumbList","@id":"https:\/\/www.buffetchristianformon.com.br\/loja\/#breadcrumb","itemListElement":[{"@type":"ListItem","position":1,"name":"In\u00edcio","item":"https:\/\/www.buffetchristianformon.com.br\/loja\/"},{"@type":"ListItem","position":2,"name":"Home"}]},{"@type":"WebSite","@id":"https:\/\/www.buffetchristianformon.com.br\/loja\/#website","url":"https:\/\/www.buffetchristianformon.com.br\/loja\/","name":"Buffet Christian Formon","description":"","potentialAction":[{"@type":"SearchAction","target":{"@type":"EntryPoint","urlTemplate":"https:\/\/www.buffetchristianformon.com.br\/loja\/?s={search_term_string}"},"query-input":{"@type":"PropertyValueSpecification","valueRequired":true,"valueName":"search_term_string"}}],"inLanguage":"pt-BR"}]}},"_links":{"self":[{"href":"https:\/\/www.buffetchristianformon.com.br\/loja\/wp-json\/wp\/v2\/pages\/1565","targetHints":{"allow":["GET"]}}],"collection":[{"href":"https:\/\/www.buffetchristianformon.com.br\/loja\/wp-json\/wp\/v2\/pages"}],"about":[{"href":"https:\/\/www.buffetchristianformon.com.br\/loja\/wp-json\/wp\/v2\/types\/page"}],"author":[{"embeddable":true,"href":"https:\/\/www.buffetchristianformon.com.br\/loja\/wp-json\/wp\/v2\/users\/1"}],"replies":[{"embeddable":true,"href":"https:\/\/www.buffetchristianformon.com.br\/loja\/wp-json\/wp\/v2\/comments?post=1565"}],"version-history":[{"count":22,"href":"https:\/\/www.buffetchristianformon.com.br\/loja\/wp-json\/wp\/v2\/pages\/1565\/revisions"}],"predecessor-version":[{"id":550656,"href":"https:\/\/www.buffetchristianformon.com.br\/loja\/wp-json\/wp\/v2\/pages\/1565\/revisions\/550656"}],"wp:attachment":[{"href":"https:\/\/www.buffetchristianformon.com.br\/loja\/wp-json\/wp\/v2\/media?parent=1565"}],"curies":[{"name":"wp","href":"https:\/\/api.w.org\/{rel}","templated":true}]}}